{"id":6764,"date":"2022-05-13T09:46:52","date_gmt":"2022-05-13T07:46:52","guid":{"rendered":"https:\/\/id.infocamere.it\/news\/?page_id=6764"},"modified":"2022-06-01T16:27:48","modified_gmt":"2022-06-01T14:27:48","slug":"privacy-policy-li","status":"publish","type":"page","link":"https:\/\/id.infocamere.it\/news\/privacy-policy-li\/","title":{"rendered":"privacy-policy-li"},"content":{"rendered":"<p><b>Informativa in materia di trattamento dei dati personali<\/b><\/p>\n<p><span style=\"font-weight: 400;\">InfoCamere S.C.p.A., con sede legale in via G. B. Morgagni 13 \u2013 Roma (&#8220;<\/span><b>InfoCamere<\/b><span style=\"font-weight: 400;\">&#8221; o &#8220;<\/span><b>Titolare<\/b><span style=\"font-weight: 400;\">&#8220;), fornisce di seguito la presente informativa (&#8220;<\/span><b>Informativa<\/b><span style=\"font-weight: 400;\">&#8220;) in conformit\u00e0 agli artt.13 e 14 del Regolamento (UE) 2016\/679, c.d. <\/span><i><span style=\"font-weight: 400;\">Regolamento Generale sulla Protezione dei Dati personali <\/span><\/i><span style=\"font-weight: 400;\">(&#8220;<\/span><b>GDPR<\/b><span style=\"font-weight: 400;\">&#8220;), al D.Lgs n. 196\/2003 e s.m.i., ai provvedimenti del Garante per la Protezione dei Dati Personali e delle autorit\u00e0 europee competenti.<\/span><\/p>\n<p><span style=\"font-weight: 400;\">All\u2019interno del presente documento, vengono rese le informazioni relative al trattamento dei dati personali degli utenti conferiti attrav<\/span><span style=\"font-weight: 400;\">erso l\u2019invio dei form predisposti da InfoCamere su LinkedIn<\/span><b>.\u00a0<\/b><\/p>\n<p><b><\/b><\/p>\n<ul>\n<li aria-level=\"1\"><b>Finalit\u00e0 del trattamento e basi giuridiche<\/b><\/li>\n<\/ul>\n<p><span style=\"font-weight: 400;\">I dati personali saranno trattati da InfoCamere S.c.p.A., nel rispetto dei principi di cui agli artt. 5 e 6 del GDPR, per le finalit\u00e0 di seguito specificate:\u00a0<\/span><\/p>\n<p><b><\/b><\/p>\n<ul>\n<li aria-level=\"1\"><span style=\"font-weight: 400;\">L&#8217;utente pu\u00f2 fornire i propri dati personali per sollecitare l&#8217;invio di informazioni o eseguire la diversa azione indicata all\u2019inter<\/span><span style=\"font-weight: 400;\">no del form LinkedIn (a m<\/span><span style=\"font-weight: 400;\">ero titolo esemplificativo: <\/span><i><span style=\"font-weight: 400;\">download, registrati, join, richiedi demo, per saperne di pi\u00f9, sottoscrivi<\/span><\/i><span style=\"font-weight: 400;\">, ecc.).\u00a0<\/span><\/li>\n<\/ul>\n<p><span style=\"font-weight: 400;\">Per la finalit\u00e0 di dare riscontro alle richieste formulate dall\u2019utente, la base giuridica del trattamento corrisponde all\u2019art. 6 par.1, lett. b) GDPR.<\/span><\/p>\n<p><span style=\"font-weight: 400;\">Il conferimento dei dati \u00e8 facoltativo, ma il mancato conferimento degli stessi pu\u00f2 comportare l&#8217;impossibilit\u00e0 di ottenere quanto richiesto.<\/span><\/p>\n<p><b><\/b><\/p>\n<ul>\n<li aria-level=\"1\"><span style=\"font-weight: 400;\">Previo espresso e specifico consenso dell\u2019utente e sulla base di esso (art. 6, par. 1, lett. a) GDPR), InfoCamere pu\u00f2 inoltre trattare i dati personali per le seguenti ulteriori finalit\u00e0, utilizzando i recapiti forniti dall\u2019utente:<\/span><\/li>\n<\/ul>\n<ul>\n<li aria-level=\"1\"><span style=\"font-weight: 400;\">invio di materiale di tipo informativo e\/o promozionale da parte di InfoCamere ed <\/span><span style=\"font-weight: 400;\">invio di <\/span><span style=\"font-weight: 400;\">comunicazioni inerenti iniziative corsi e seminari, organizzati da InfoCamere anche in collaborazione con altri enti del Sistema camerale o in collaborazione con soggetti terzi;<\/span><\/li>\n<\/ul>\n<ul>\n<li aria-level=\"1\"><span style=\"font-weight: 400;\">invio di messaggi e\/o proposte su prodotti o servizi personalizzati, sulla base delle abitudini di consumo <\/span><i><span style=\"font-weight: 400;\">(es: click sui link presenti nelle comunicazioni, email aperte, tipologia del dispositivo e sistema operativo utilizzato per leggere le comunicazioni)<\/span><\/i><i><span style=\"font-weight: 400;\">.<\/span><\/i><\/li>\n<\/ul>\n<p><span style=\"font-weight: 400;\">Il predetto consenso \u00e8 facoltativo per il riscontro alle richieste di cui alla lettera a). Per le finalit\u00e0 di cui alla lett. b), inoltre, in alcune ipotesi il conferimento del consenso \u00e8 previsto quale obbligatorio al fine di poter godere del servizio, riservato solo ad alcuni utenti. L\u2019interessato in tal caso rimane libero di non concedere il consenso, senza per\u00f2 poter usufruire del servizio stesso.\u00a0<\/span><\/p>\n<p><span style=\"font-weight: 400;\">In qualsiasi momento, l\u2019utente ha il diritto di revocare il consenso fornito.<\/span><\/p>\n<p><span style=\"font-weight: 400;\">Per migliorare l\u2019efficacia delle comunicazioni promozionali di cui alla precedente lettera b), InfoCamere raccoglier\u00e0, mediante sistemi di tracciatura automatica, informazioni in ordine all\u2019effettiva ricezione delle comunicazioni e\/o a errori di ricezione \/ spedizione.\u00a0<\/span><\/p>\n<p><span style=\"font-weight: 400;\">Inoltre, per finalit\u00e0 di analisi delle campagne inviate, InfoCamere raccoglier\u00e0 \u2013 sempre mediante sistemi di tracciatura automatica &#8211; informazioni aggregate relative all\u2019apertura delle comunicazioni e alle interazioni con i contenuti delle stesse da parte dei destinatari (es: <\/span><i><span style=\"font-weight: 400;\">click sui link presenti nelle comunicazioni, tipologia del dispositivo e sistema operativo utilizzato per leggere le comunicazioni<\/span><\/i><span style=\"font-weight: 400;\">).\u00a0<\/span><\/p>\n<p>&nbsp;<\/p>\n<ul>\n<li aria-level=\"1\"><b>Tipologia di dati trattati<\/b><\/li>\n<\/ul>\n<p><span style=\"font-weight: 400;\">Al fine di dar seguito alle richieste pervenute tra<\/span><span style=\"font-weight: 400;\">mite form LinkedIn, i<\/span><span style=\"font-weight: 400;\">l Titolare tratter\u00e0 i dati di contatto ed eventuali dati identificativi inseriti nell\u2019apposita sezione.\u00a0<\/span><\/p>\n<p>&nbsp;<\/p>\n<ul>\n<li aria-level=\"1\"><b>Assenza di decisioni automatizzate con impatti sui diritti e le libert\u00e0 degli interessati.<\/b><\/li>\n<\/ul>\n<p><span style=\"font-weight: 400;\">I trattamenti svolti dal Titolare non sono correlati a processi decisionali automatizzati ai sensi dell\u2019art. 22 GDPR.<\/span><\/p>\n<p>&nbsp;<\/p>\n<ul>\n<li aria-level=\"1\"><b>Data retention\u00a0<\/b><\/li>\n<\/ul>\n<p><span style=\"font-weight: 400;\">I dati personali di cui alla presente informativa saranno trattati, nel rispetto del principio di minimizzazione, come di seguito specificato:<\/span><\/p>\n<ul>\n<li aria-level=\"1\"><b>per la finalit\u00e0 di cui alla lett. a)<\/b><span style=\"font-weight: 400;\">: i dati saranno trattati per <\/span><span style=\"font-weight: 400;\">il periodo di tempo necessario al<\/span><span style=\"font-weight: 400;\">la gestione dell\u2019attivit\u00e0 richiesta e sino alla conclusione della stessa;<\/span><\/li>\n<\/ul>\n<ul>\n<li aria-level=\"1\"><b>per le finalit\u00e0 di cui alla lett. b)<\/b><span style=\"font-weight: 400;\">:<\/span> <span style=\"font-weight: 400;\">InfoCamere tratter\u00e0 i dati, con riferimento ai casi di cui al punto 1), per 24 mesi dall\u2019acquisizione del consenso. In caso di revoca del consenso\/ richiesta di disiscrizione dalla mailing list, avanzata prima del decorso dei 24 mesi, i dati saranno trattati ulteriormente per il tempo strettamente necessario all\u2019aggiornamento dei sistemi.<\/span><\/li>\n<\/ul>\n<p><span style=\"font-weight: 400;\">Con riferimento all\u2019invio di messaggi e\/o proposte di prodotti personalizzati di cui al punto 2) ed in linea con le scelte manifestate dall\u2019utente, InfoCamere tratter\u00e0 i dati relativi alle preferenze ed abitudini dello stesso per i 12 mesi successivi alla raccolta. Alla scadenza i dati saranno trasformati in forma anonima in modo permanente e non reversibile. In caso di revoca del consenso, avanzata prima del decorso dei 12 mesi, i dati saranno trattati ulteriormente per il tempo strettamente necessario all\u2019aggiornamento dei sistemi.<\/span><\/p>\n<p>&nbsp;<\/p>\n<ul>\n<li aria-level=\"1\"><b>Destinatari \/ responsabili esterni<\/b><\/li>\n<\/ul>\n<p><span style=\"font-weight: 400;\">I dati personali sono trattati da personale autorizzato al trattamento ed appositamente istruito e formato<\/span><span style=\"font-weight: 400;\">. I dati possono, inoltre, essere trattati da soggetti esterni formalmente nominati dal Titolare quali Responsabili del trattamento ed appartenenti alle seguenti categorie:<\/span><\/p>\n<ul>\n<li style=\"font-weight: 400;\" aria-level=\"1\"><span style=\"font-weight: 400;\">\u00a0terzi fornitori di servizi di assistenza e consulenza per InfoCamere;<\/span><span style=\"font-weight: 400;\">\u00a0<\/span><\/li>\n<li style=\"font-weight: 400;\" aria-level=\"1\"><span style=\"font-weight: 400;\">societ\u00e0 che svolgono servizi di gestione e manutenzione dei database del Titolare;<\/span><\/li>\n<li style=\"font-weight: 400;\" aria-level=\"1\"><span style=\"font-weight: 400;\">gestori di piattaforme e strumenti di Marketing Automation, per la gestione delle campagne marketing via Email, SMS e Messaging Apps.<\/span><\/li>\n<\/ul>\n<p>&nbsp;<\/p>\n<ul>\n<li aria-level=\"1\"><span style=\"font-weight: 400;\">\u00a0<\/span><b>Titolare del trattamento\u00a0e Responsabile della Protezione dei Dati<\/b><\/li>\n<\/ul>\n<p><span style=\"font-weight: 400;\">Titolare del trattamento \u00e8 InfoCamere S.C.p.A., con sede legale in via G. B. Morgagni 13 &#8211; Roma. Si prega di indirizzare eventuali comunicazioni inerenti alla presente Informativa, ivi compreso l&#8217;esercizio dei diritti indicati nella stessa, al seguente indirizzo email<\/span> <a href=\"mailto:protocollo@pec.infocamere.it\"><span style=\"font-weight: 400;\">protocollo@pec.infocamere.it<\/span><\/a><span style=\"font-weight: 400;\">.<\/span><\/p>\n<p><span style=\"font-weight: 400;\">Il Titolare ha nominato un Responsabile per la Protezione dei Dati Personali (\u201cRPD\u201d) che potr\u00e0 essere contattato all\u2019indirizzo <\/span><a href=\"mailto:rpd@pec.infocamere.it\"><span style=\"font-weight: 400;\">rpd@pec.infocamere.it<\/span><\/a><span style=\"font-weight: 400;\">.<\/span><\/p>\n<p><b><\/b><\/p>\n<ul>\n<li aria-level=\"1\"><b>Diritti degli interessati<\/b><\/li>\n<\/ul>\n<p><span style=\"font-weight: 400;\">Il Regolamento (UE) 2016\/679 riconosce all\u2019utente, in qualit\u00e0 di Interessato, diversi diritti, che possono essere esercitati contattando il Titolare o il DPO ai recapiti di cui al punto 6 della presente Informativa.<\/span><\/p>\n<p><span style=\"font-weight: 400;\">Tra i diritti esercitabili, purch\u00e9 ne ricorrano i presupposti di volta in volta previsti dalla normativa (in particolare, artt. 15 e seguenti del Regolamento) vi sono:<\/span><\/p>\n<ul>\n<li style=\"font-weight: 400;\" aria-level=\"1\"><span style=\"font-weight: 400;\">il diritto di conoscere se il Titolare ha in corso trattamenti di dati personali che la riguardano e, in tal caso, di avere accesso ai dati oggetto del trattamento e a tutte le informazioni a questo relative;<\/span><\/li>\n<li style=\"font-weight: 400;\" aria-level=\"1\"><span style=\"font-weight: 400;\">il diritto alla rettifica dei dati personali inesatti che la riguardano e\/o all\u2019integrazione di quelli incompleti;<\/span><\/li>\n<li style=\"font-weight: 400;\" aria-level=\"1\"><span style=\"font-weight: 400;\">il diritto alla cancellazione dei dati personali che la riguardano;<\/span><\/li>\n<li style=\"font-weight: 400;\" aria-level=\"1\"><span style=\"font-weight: 400;\">il diritto alla limitazione del trattamento;<\/span><\/li>\n<li style=\"font-weight: 400;\" aria-level=\"1\"><span style=\"font-weight: 400;\">il diritto di opporsi al trattamento;<\/span><\/li>\n<li style=\"font-weight: 400;\" aria-level=\"1\"><span style=\"font-weight: 400;\">il diritto alla portabilit\u00e0 dei dati personali che la riguardano;<\/span><\/li>\n<li style=\"font-weight: 400;\" aria-level=\"1\"><span style=\"font-weight: 400;\">il diritto di revocare il consenso in qualsiasi momento, senza che ci\u00f2 pregiudichi la liceit\u00e0 del trattamento, basato sul consenso, effettuato prima della revoca. In ogni caso, ha anche il diritto di presentare un formale Reclamo all\u2019Autorit\u00e0 garante per la protezione dei dati personali, secondo le modalit\u00e0 che pu\u00f2 reperire sul sito www.garanteprivacy.it.<\/span><\/li>\n<\/ul>\n<p>&nbsp;<\/p>\n<p><span style=\"font-weight: 400;\">Questa informativa \u00e8 stata aggiornata il 31 maggio 2022.<\/span><\/p>\n<p>&nbsp;<\/p>\n","protected":false},"excerpt":{"rendered":"<p class=\"excerpt\">Informativa in materia di trattamento dei dati personali InfoCamere S.C.p.A., con sede legale in via G. B. Morgagni 13 \u2013 Roma (&#8220;InfoCamere&#8221; o &#8220;Titolare&#8220;), fornisce di seguito la presente informativa (&#8220;Informativa&#8220;) in conformit\u00e0 agli artt.13 e 14 del Regolamento (UE) 2016\/679, c.d. Regolamento Generale sulla Protezione dei Dati personali (&#8220;GDPR&#8220;), al D.Lgs n. 196\/2003 e [&hellip;]<\/p>\n","protected":false},"author":3,"featured_media":0,"parent":0,"menu_order":0,"comment_status":"closed","ping_status":"closed","template":"","meta":{"inline_featured_image":false},"acf":[],"yoast_head":"<!-- This site is optimized with the Yoast SEO plugin v17.3 - https:\/\/yoast.com\/wordpress\/plugins\/seo\/ -->\n<title>privacy-policy-li - infocamere<\/title>\n<meta name=\"robots\" content=\"index, follow, max-snippet:-1, max-image-preview:large, max-video-preview:-1\" \/>\n<link rel=\"canonical\" href=\"https:\/\/id.infocamere.it\/news\/privacy-policy-li\/\" \/>\n<meta property=\"og:locale\" content=\"it_IT\" \/>\n<meta property=\"og:type\" content=\"article\" \/>\n<meta property=\"og:title\" content=\"privacy-policy-li - infocamere\" \/>\n<meta property=\"og:description\" content=\"Informativa in materia di trattamento dei dati personali InfoCamere S.C.p.A., con sede legale in via G. B. Morgagni 13 \u2013 Roma (&#8220;InfoCamere&#8221; o &#8220;Titolare&#8220;), fornisce di seguito la presente informativa (&#8220;Informativa&#8220;) in conformit\u00e0 agli artt.13 e 14 del Regolamento (UE) 2016\/679, c.d. Regolamento Generale sulla Protezione dei Dati personali (&#8220;GDPR&#8220;), al D.Lgs n. 196\/2003 e [&hellip;]\" \/>\n<meta property=\"og:url\" content=\"https:\/\/id.infocamere.it\/news\/privacy-policy-li\/\" \/>\n<meta property=\"og:site_name\" content=\"infocamere\" \/>\n<meta property=\"article:modified_time\" content=\"2022-06-01T14:27:48+00:00\" \/>\n<meta name=\"twitter:card\" content=\"summary_large_image\" \/>\n<meta name=\"twitter:label1\" content=\"Tempo di lettura stimato\" \/>\n\t<meta name=\"twitter:data1\" content=\"5 minuti\" \/>\n<script type=\"application\/ld+json\" class=\"yoast-schema-graph\">{\"@context\":\"https:\/\/schema.org\",\"@graph\":[{\"@type\":\"WebSite\",\"@id\":\"https:\/\/id.infocamere.it\/news\/#website\",\"url\":\"https:\/\/id.infocamere.it\/news\/\",\"name\":\"infocamere\",\"description\":\"\",\"potentialAction\":[{\"@type\":\"SearchAction\",\"target\":{\"@type\":\"EntryPoint\",\"urlTemplate\":\"https:\/\/id.infocamere.it\/news\/?s={search_term_string}\"},\"query-input\":\"required name=search_term_string\"}],\"inLanguage\":\"it-IT\"},{\"@type\":\"WebPage\",\"@id\":\"https:\/\/id.infocamere.it\/news\/privacy-policy-li\/#webpage\",\"url\":\"https:\/\/id.infocamere.it\/news\/privacy-policy-li\/\",\"name\":\"privacy-policy-li - infocamere\",\"isPartOf\":{\"@id\":\"https:\/\/id.infocamere.it\/news\/#website\"},\"datePublished\":\"2022-05-13T07:46:52+00:00\",\"dateModified\":\"2022-06-01T14:27:48+00:00\",\"breadcrumb\":{\"@id\":\"https:\/\/id.infocamere.it\/news\/privacy-policy-li\/#breadcrumb\"},\"inLanguage\":\"it-IT\",\"potentialAction\":[{\"@type\":\"ReadAction\",\"target\":[\"https:\/\/id.infocamere.it\/news\/privacy-policy-li\/\"]}]},{\"@type\":\"BreadcrumbList\",\"@id\":\"https:\/\/id.infocamere.it\/news\/privacy-policy-li\/#breadcrumb\",\"itemListElement\":[{\"@type\":\"ListItem\",\"position\":1,\"name\":\"News\",\"item\":\"https:\/\/id.infocamere.it\/news\/\"},{\"@type\":\"ListItem\",\"position\":2,\"name\":\"privacy-policy-li\"}]}]}<\/script>\n<!-- \/ Yoast SEO plugin. -->","yoast_head_json":{"title":"privacy-policy-li - infocamere","robots":{"index":"index","follow":"follow","max-snippet":"max-snippet:-1","max-image-preview":"max-image-preview:large","max-video-preview":"max-video-preview:-1"},"canonical":"https:\/\/id.infocamere.it\/news\/privacy-policy-li\/","og_locale":"it_IT","og_type":"article","og_title":"privacy-policy-li - infocamere","og_description":"Informativa in materia di trattamento dei dati personali InfoCamere S.C.p.A., con sede legale in via G. B. Morgagni 13 \u2013 Roma (&#8220;InfoCamere&#8221; o &#8220;Titolare&#8220;), fornisce di seguito la presente informativa (&#8220;Informativa&#8220;) in conformit\u00e0 agli artt.13 e 14 del Regolamento (UE) 2016\/679, c.d. Regolamento Generale sulla Protezione dei Dati personali (&#8220;GDPR&#8220;), al D.Lgs n. 196\/2003 e [&hellip;]","og_url":"https:\/\/id.infocamere.it\/news\/privacy-policy-li\/","og_site_name":"infocamere","article_modified_time":"2022-06-01T14:27:48+00:00","twitter_card":"summary_large_image","twitter_misc":{"Tempo di lettura stimato":"5 minuti"},"schema":{"@context":"https:\/\/schema.org","@graph":[{"@type":"WebSite","@id":"https:\/\/id.infocamere.it\/news\/#website","url":"https:\/\/id.infocamere.it\/news\/","name":"infocamere","description":"","potentialAction":[{"@type":"SearchAction","target":{"@type":"EntryPoint","urlTemplate":"https:\/\/id.infocamere.it\/news\/?s={search_term_string}"},"query-input":"required name=search_term_string"}],"inLanguage":"it-IT"},{"@type":"WebPage","@id":"https:\/\/id.infocamere.it\/news\/privacy-policy-li\/#webpage","url":"https:\/\/id.infocamere.it\/news\/privacy-policy-li\/","name":"privacy-policy-li - infocamere","isPartOf":{"@id":"https:\/\/id.infocamere.it\/news\/#website"},"datePublished":"2022-05-13T07:46:52+00:00","dateModified":"2022-06-01T14:27:48+00:00","breadcrumb":{"@id":"https:\/\/id.infocamere.it\/news\/privacy-policy-li\/#breadcrumb"},"inLanguage":"it-IT","potentialAction":[{"@type":"ReadAction","target":["https:\/\/id.infocamere.it\/news\/privacy-policy-li\/"]}]},{"@type":"BreadcrumbList","@id":"https:\/\/id.infocamere.it\/news\/privacy-policy-li\/#breadcrumb","itemListElement":[{"@type":"ListItem","position":1,"name":"News","item":"https:\/\/id.infocamere.it\/news\/"},{"@type":"ListItem","position":2,"name":"privacy-policy-li"}]}]}},"_links":{"self":[{"href":"https:\/\/id.infocamere.it\/news\/wp-json\/wp\/v2\/pages\/6764"}],"collection":[{"href":"https:\/\/id.infocamere.it\/news\/wp-json\/wp\/v2\/pages"}],"about":[{"href":"https:\/\/id.infocamere.it\/news\/wp-json\/wp\/v2\/types\/page"}],"author":[{"embeddable":true,"href":"https:\/\/id.infocamere.it\/news\/wp-json\/wp\/v2\/users\/3"}],"replies":[{"embeddable":true,"href":"https:\/\/id.infocamere.it\/news\/wp-json\/wp\/v2\/comments?post=6764"}],"version-history":[{"count":3,"href":"https:\/\/id.infocamere.it\/news\/wp-json\/wp\/v2\/pages\/6764\/revisions"}],"predecessor-version":[{"id":6921,"href":"https:\/\/id.infocamere.it\/news\/wp-json\/wp\/v2\/pages\/6764\/revisions\/6921"}],"wp:attachment":[{"href":"https:\/\/id.infocamere.it\/news\/wp-json\/wp\/v2\/media?parent=6764"}],"curies":[{"name":"wp","href":"https:\/\/api.w.org\/{rel}","templated":true}]}}